{"id":562,"date":"2012-12-20T10:48:12","date_gmt":"2012-12-20T03:48:12","guid":{"rendered":"http:\/\/www.freelang.com\/blog\/?page_id=562"},"modified":"2013-09-10T21:27:59","modified_gmt":"2013-09-10T14:27:59","slug":"quizzes","status":"publish","type":"page","link":"https:\/\/www.freelang.com\/blog\/quizzes\/","title":{"rendered":"Tous nos quizzes"},"content":{"rendered":"<p>Testez vos connaissances sur les langues et les cultures !<\/p>\n<table border=\"0\" cellpadding=\"12\">\n<tbody>\n<tr valign=\"top\">\n<td width=\"40%\"><img loading=\"lazy\" src=\"http:\/\/www.freelang.com\/mag\/pics\/bullet_go.gif\" alt=\"\" width=\"15\" height=\"13\" \/> <a href=\"http:\/\/www.freelang.com\/mag\/quiz14.php\"><strong>Culture g\u00e9n\u00e9rale (3)<\/strong><\/a><\/td>\n<td><img loading=\"lazy\" src=\"http:\/\/www.freelang.com\/mag\/pics\/bullet_go.gif\" alt=\"\" width=\"15\" height=\"13\" \/> <a href=\"http:\/\/www.freelang.com\/mag\/quiz07.php\"><strong>Reconnaissez-vous ces langues ?<\/strong><\/a><\/td>\n<\/tr>\n<tr valign=\"top\">\n<td><img loading=\"lazy\" src=\"http:\/\/www.freelang.com\/mag\/pics\/bullet_go.gif\" alt=\"\" width=\"15\" height=\"13\" \/> <a href=\"http:\/\/www.freelang.com\/mag\/quiz13.php\"><strong>G\u00e9ographie et capitales<\/strong><\/a><\/td>\n<td><img loading=\"lazy\" src=\"http:\/\/www.freelang.com\/mag\/pics\/bullet_go.gif\" alt=\"\" width=\"15\" height=\"13\" \/> <a href=\"http:\/\/www.freelang.com\/mag\/quiz06.php\"><strong>Les capitales du monde en photos<\/strong><\/a><\/td>\n<\/tr>\n<tr valign=\"top\">\n<td><img loading=\"lazy\" src=\"http:\/\/www.freelang.com\/mag\/pics\/bullet_go.gif\" alt=\"\" width=\"15\" height=\"13\" \/> <a href=\"http:\/\/www.freelang.com\/mag\/quiz12.php\"><strong>Freelang<\/strong><\/a><\/td>\n<td><img loading=\"lazy\" src=\"http:\/\/www.freelang.com\/mag\/pics\/bullet_go.gif\" alt=\"\" width=\"15\" height=\"13\" \/> <a href=\"http:\/\/www.freelang.com\/mag\/quiz05.php\"><strong>Sp\u00e9cial langue fran\u00e7aise<\/strong><\/a><\/td>\n<\/tr>\n<tr valign=\"top\">\n<td><img loading=\"lazy\" src=\"http:\/\/www.freelang.com\/mag\/pics\/bullet_go.gif\" alt=\"\" width=\"15\" height=\"13\" \/> <a href=\"http:\/\/www.freelang.com\/mag\/quiz11.php\"><strong>Langues de l&#8217;Asie<\/strong><\/a><\/td>\n<td><img loading=\"lazy\" src=\"http:\/\/www.freelang.com\/mag\/pics\/bullet_go.gif\" alt=\"\" width=\"15\" height=\"13\" \/> <a href=\"http:\/\/www.freelang.com\/mag\/quiz04.php\"><strong>Sp\u00e9cial drapeaux<\/strong><\/a><\/td>\n<\/tr>\n<tr valign=\"top\">\n<td><img loading=\"lazy\" src=\"http:\/\/www.freelang.com\/mag\/pics\/bullet_go.gif\" alt=\"\" width=\"15\" height=\"13\" \/> <a href=\"http:\/\/www.freelang.com\/mag\/quiz10.php\"><strong>La Bretagne<\/strong><\/a><\/td>\n<td><img loading=\"lazy\" src=\"http:\/\/www.freelang.com\/mag\/pics\/bullet_go.gif\" alt=\"\" width=\"15\" height=\"13\" \/> <a href=\"http:\/\/www.freelang.com\/mag\/quiz03.php\"><strong>Sp\u00e9cial francophonie<\/strong><\/a><\/td>\n<\/tr>\n<tr valign=\"top\">\n<td><img loading=\"lazy\" src=\"http:\/\/www.freelang.com\/mag\/pics\/bullet_go.gif\" alt=\"\" width=\"15\" height=\"13\" \/> <a href=\"http:\/\/www.freelang.com\/mag\/quiz09.php\"><strong>Langues de l&#8217;Afrique<\/strong><\/a><\/td>\n<td><img loading=\"lazy\" src=\"http:\/\/www.freelang.com\/mag\/pics\/bullet_go.gif\" alt=\"\" width=\"15\" height=\"13\" \/> <a href=\"http:\/\/www.freelang.com\/mag\/quiz02.php\"><strong>Culture g\u00e9n\u00e9rale (2)<\/strong><\/a><\/td>\n<\/tr>\n<tr valign=\"top\">\n<td><img loading=\"lazy\" src=\"http:\/\/www.freelang.com\/mag\/pics\/bullet_go.gif\" alt=\"\" width=\"15\" height=\"13\" \/> <a href=\"http:\/\/www.freelang.com\/mag\/quiz08.php\"><strong>La langue anglaise<\/strong><\/a><\/td>\n<td><img loading=\"lazy\" src=\"http:\/\/www.freelang.com\/mag\/pics\/bullet_go.gif\" alt=\"\" width=\"15\" height=\"13\" \/> <a href=\"http:\/\/www.freelang.com\/mag\/quiz01.php\"><strong>Culture g\u00e9n\u00e9rale (1)<\/strong><\/a><\/td>\n<td><\/td>\n<\/tr>\n<\/tbody>\n<\/table>\n<p>&nbsp;<\/p>\n<p><span style=\"font-size: xx-small;\">Nos quizzes sont r\u00e9alis\u00e9s avec <a href=\"http:\/\/hotpot.uvic.ca\/\" target=\"_blank\">Hot Potatoes<\/a><\/span><\/p>\n","protected":false},"excerpt":{"rendered":"<p>Testez vos connaissances sur les langues et les cultures ! Culture g\u00e9n\u00e9rale (3) Reconnaissez-vous ces langues ? G\u00e9ographie et capitales Les capitales du monde en photos Freelang Sp\u00e9cial langue fran\u00e7aise &hellip; <\/p>\n","protected":false},"author":4,"featured_media":0,"parent":0,"menu_order":0,"comment_status":"open","ping_status":"open","template":"","meta":[],"_links":{"self":[{"href":"https:\/\/www.freelang.com\/blog\/wp-json\/wp\/v2\/pages\/562"}],"collection":[{"href":"https:\/\/www.freelang.com\/blog\/wp-json\/wp\/v2\/pages"}],"about":[{"href":"https:\/\/www.freelang.com\/blog\/wp-json\/wp\/v2\/types\/page"}],"author":[{"embeddable":true,"href":"https:\/\/www.freelang.com\/blog\/wp-json\/wp\/v2\/users\/4"}],"replies":[{"embeddable":true,"href":"https:\/\/www.freelang.com\/blog\/wp-json\/wp\/v2\/comments?post=562"}],"version-history":[{"count":17,"href":"https:\/\/www.freelang.com\/blog\/wp-json\/wp\/v2\/pages\/562\/revisions"}],"predecessor-version":[{"id":911,"href":"https:\/\/www.freelang.com\/blog\/wp-json\/wp\/v2\/pages\/562\/revisions\/911"}],"wp:attachment":[{"href":"https:\/\/www.freelang.com\/blog\/wp-json\/wp\/v2\/media?parent=562"}],"curies":[{"name":"wp","href":"https:\/\/api.w.org\/{rel}","templated":true}]}}